{"id":37,"date":"2021-01-07T18:06:37","date_gmt":"2021-01-07T18:06:37","guid":{"rendered":"https:\/\/quiz.keysec360.be\/?page_id=37"},"modified":"2021-08-03T10:01:57","modified_gmt":"2021-08-03T10:01:57","slug":"quiz","status":"publish","type":"page","link":"https:\/\/quiz.keysec360.be\/fr\/","title":{"rendered":"Quiz"},"content":{"rendered":"<h1 style=\"text-align: center;\"><strong>Quel niveau de s\u00e9curit\u00e9 num\u00e9rique pensez-vous avoir ?<\/strong><\/h1>\n<p>&nbsp;<\/p>\n<p><img loading=\"lazy\" class=\"aligncenter size-medium wp-image-49\" src=\"https:\/\/quiz.keysec360.be\/wp-content\/uploads\/2021\/01\/quiz-300x235.png\" alt=\"\" width=\"300\" height=\"235\" srcset=\"https:\/\/quiz.keysec360.be\/wp-content\/uploads\/2021\/01\/quiz-300x235.png 300w, https:\/\/quiz.keysec360.be\/wp-content\/uploads\/2021\/01\/quiz.png 640w\" sizes=\"(max-width: 300px) 100vw, 300px\" \/><\/p>\n<h2><\/h2>\n<p>&nbsp;<\/p>\n<h3 style=\"text-align: center;\"><span style=\"color: #ff0000;\"><strong>&gt;&gt; <a style=\"color: #ff0000;\" href=\"https:\/\/quiz.keysec360.be\/fr\/quiz-competences-digitales\/\">Quiz : Comp\u00e9tences digitales<\/a> &lt;&lt;<\/strong><\/span><\/h3>\n<p>&nbsp;<\/p>\n<h3 style=\"text-align: center;\"><span style=\"color: #ff0000;\"><strong>&gt;&gt; <a style=\"color: #ff0000;\" href=\"https:\/\/quiz.keysec360.be\/fr\/quiz-competences-securite\/\">Quiz : Comp\u00e9tences s\u00e9curit\u00e9<\/a> &lt;&lt;<\/strong><\/span><\/h3>\n<p>&nbsp;<\/p>\n<h3 style=\"text-align: center;\"><span style=\"color: #ff0000;\"><strong>&gt;&gt; <a style=\"color: #ff0000;\" href=\"https:\/\/quiz.keysec360.be\/fr\/certification\/\">Certification<\/a> &lt;&lt;<\/strong><\/span><\/h3>\n","protected":false},"excerpt":{"rendered":"<p>Quel niveau de s\u00e9curit\u00e9 num\u00e9rique pensez-vous avoir ? &nbsp; &nbsp; &gt;&gt; Quiz : Comp\u00e9tences digitales &lt;&lt; &nbsp; &gt;&gt; Quiz : Comp\u00e9tences s\u00e9curit\u00e9 &lt;&lt; &nbsp; &gt;&gt; Certification &lt;&lt;<\/p>\n","protected":false},"author":1,"featured_media":0,"parent":0,"menu_order":0,"comment_status":"closed","ping_status":"closed","template":"fullwidth-template.php","meta":[],"_links":{"self":[{"href":"https:\/\/quiz.keysec360.be\/fr\/wp-json\/wp\/v2\/pages\/37"}],"collection":[{"href":"https:\/\/quiz.keysec360.be\/fr\/wp-json\/wp\/v2\/pages"}],"about":[{"href":"https:\/\/quiz.keysec360.be\/fr\/wp-json\/wp\/v2\/types\/page"}],"author":[{"embeddable":true,"href":"https:\/\/quiz.keysec360.be\/fr\/wp-json\/wp\/v2\/users\/1"}],"replies":[{"embeddable":true,"href":"https:\/\/quiz.keysec360.be\/fr\/wp-json\/wp\/v2\/comments?post=37"}],"version-history":[{"count":17,"href":"https:\/\/quiz.keysec360.be\/fr\/wp-json\/wp\/v2\/pages\/37\/revisions"}],"predecessor-version":[{"id":629,"href":"https:\/\/quiz.keysec360.be\/fr\/wp-json\/wp\/v2\/pages\/37\/revisions\/629"}],"wp:attachment":[{"href":"https:\/\/quiz.keysec360.be\/fr\/wp-json\/wp\/v2\/media?parent=37"}],"curies":[{"name":"wp","href":"https:\/\/api.w.org\/{rel}","templated":true}]}}