{"id":671,"date":"2023-12-06T14:21:48","date_gmt":"2023-12-06T14:21:48","guid":{"rendered":"https:\/\/quiz.keysec360.be\/?page_id=671"},"modified":"2023-12-06T14:21:48","modified_gmt":"2023-12-06T14:21:48","slug":"1-menace-3-solutions","status":"publish","type":"page","link":"https:\/\/quiz.keysec360.be\/fr\/1-menace-3-solutions\/","title":{"rendered":"1 menace &#8230; 3 solutions"},"content":{"rendered":"<h2 style=\"text-align: center;\">Associer les bons rem\u00e8des \u00e0 chaque menace<\/h2>\n<p style=\"text-align: center;\"><script>\n                            if (window.qmn_quiz_data === undefined) {\n                                    window.qmn_quiz_data = new Object();\n                            }\n                    <\/script><script>window.qmn_quiz_data[\"20\"] = {\"quiz_id\":\"20\",\"quiz_name\":\"1 menace ... 3 solutions\",\"disable_answer\":0,\"ajax_show_correct\":0,\"progress_bar\":\"0\",\"contact_info_location\":\"0\",\"qpages\":{\"2\":{\"id\":\"2\",\"quizID\":\"20\",\"pagekey\":\"IURVGonM\",\"hide_prevbtn\":\"0\"}},\"skip_validation_time_expire\":0,\"timer_limit_val\":\"0\",\"disable_scroll_next_previous_click\":0,\"disable_first_page\":\"0\",\"enable_result_after_timer_end\":0,\"enable_quick_result_mc\":0,\"end_quiz_if_wrong\":0,\"form_disable_autofill\":0,\"disable_mathjax\":0,\"enable_quick_correct_answer_info\":0,\"quick_result_correct_answer_text\":\"Correct! You have selected correct answer.\",\"quick_result_wrong_answer_text\":\"Wrong! You have selected wrong answer.\",\"quiz_processing_message\":\"\",\"quiz_limit_choice\":\"La limite de choix est atteinte.\",\"not_allow_after_expired_time\":0,\"scheduled_time_end\":false,\"error_messages\":{\"email_error_text\":\"Not a valid e-mail address!\",\"number_error_text\":\"This field must be a number!\",\"incorrect_error_text\":\"The entered text is not correct!\",\"empty_error_text\":\"Please complete all required fields!\",\"url_error_text\":\"The entered URL is not valid!\",\"minlength_error_text\":\"Required atleast %minlength% characters.\",\"maxlength_error_text\":\"Maximum %maxlength% characters allowed.\",\"empty_grid_radio_checkbox_text\":\"Please complete all rows required fields!\"},\"first_page\":false}\n                    <\/script><div class='qsm-quiz-container qsm-quiz-container-20 qmn_quiz_container mlw_qmn_quiz  quiz_theme_default  '>\n\t\t\t\t\t<form name=\"quizForm20\" id=\"quizForm20\" action=\"\/fr\/wp-json\/wp\/v2\/pages\/671\" method=\"POST\" class=\"qsm-quiz-form qmn_quiz_form mlw_quiz_form\" novalidate enctype=\"multipart\/form-data\">\n\t\t\t\t<input type=\"hidden\" name=\"qsm_hidden_questions\" id=\"qsm_hidden_questions\" value=\"\">\n\t\t\t\t<input type=\"hidden\" name=\"qsm_nonce\" id=\"qsm_nonce_20\" value=\"6580ac29d5\">\n\t\t\t\t<input type=\"hidden\" name=\"qsm_unique_key\" id=\"qsm_unique_key_20\" value=\"69d6521099fa1\">\n\t\t\t\t<div id=\"mlw_error_message\" class=\"qsm-error-message qmn_error_message_section\"><\/div>\n\t\t\t\t<span id=\"mlw_top_of_quiz\"><\/span>\n\t\t\t\t\t\t\t<section class=\"qsm-page \">\n\t\t\t\t\t\t\t\t<div class=\"quiz_section quiz_begin\">\n\t\t\t\t\t\t<div class='qsm-before-message mlw_qmn_message_before'>\n\t\t\t\t<p>Merci de compl\u00e9ter vos donn\u00e9es ci-dessous.<\/p>\n<p>Ces donn\u00e9es ne sont utilis\u00e9s que lors de votre inscription \u00e0 la formation pour assurer un suivi personnalis\u00e9.<\/p>\n\t\t\t\t\t\t<\/div>\n\t\t\t\t\t\t\t\t\t<div class=\"qsm_contact_div qsm-contact-type-text\">\n\t\t\t\t\t\t\t\t\t\t<span class='mlw_qmn_question qsm_question'>Nom complet (Pr\u00e9nom + Nom de famille)<\/span>\n\t\t\t\t<input type='text' class='mlwRequiredText qsm_required_text'  name='contact_field_0' id='contact_field_0'  value=''  placeholder='Nom complet (Pr\u00e9nom + Nom de famille)'  \/>\n\t\t\t\t\t\t\t\t\t<\/div>\n\t\t\t\t\t\t\t\t\t\t<div class=\"qsm_contact_div qsm-contact-type-email\">\n\t\t\t\t\t\t\t\t\t\t<span class='mlw_qmn_question qsm_question'>Email<\/span>\n\t\t\t\t<input type='email' class='mlwEmail mlwRequiredText qsm_required_text'  name='contact_field_1' id='contact_field_1'  value=''  placeholder='Email'  \/>\n\t\t\t\t\t\t\t\t\t<\/div>\n\t\t\t\t\t\t\t\t\t\t<div class=\"qsm_contact_div qsm-contact-type-text\">\n\t\t\t\t\t\t\t\t\t\t<span class='mlw_qmn_question qsm_question'>Soci\u00e9t\u00e9<\/span>\n\t\t\t\t<input type='text' class='mlwRequiredText qsm_required_text'  name='contact_field_2' id='contact_field_2'  value=''  placeholder='Soci\u00e9t\u00e9'  \/>\n\t\t\t\t\t\t\t\t\t<\/div>\n\t\t\t\t\t\t\t\t\t\t<\/div>\n\t\t\t\t\t\t\t\t\t<div class=\"quiz_section qsm-question-wrapper question-type-15 question-section-id-157 \" data-qid=\"157\">\n\t\t\t\t\t\t<div class='mlw_qmn_new_question'>D\u00e9placez les rem\u00e8des de la colonne de droite vers le haut ou vers le bas pour les associer \u00e0 la menace correspondante dans la colonne de gauche. <\/div>\n\t\t\t<div class='mlw_qmn_question  qsm_remove_bold' >\n\t\t<p><\/p>\n\t<\/div>\n\t<div class=\"qsm-matching-pairs\">\r\n\t\t\t<input type=\"hidden\" name=\"random_key_157\" value=\"qsm_match_pairs_array_key_2963495881\" \/>\r\n\t\t<div class=\"qsm-left-option\">\r\n\t\t\t\t\t\t<div class=\"qsm_mc_answer_wrap\" id=\"question157-Social-engineering\">\r\n\t\t\t\t\tSocial engineering\t\t\t\t<\/div>\r\n\t\t\t\t\t\t\t\t<div class=\"qsm_mc_answer_wrap\" id=\"question157-Privacy-invasion\">\r\n\t\t\t\t\tPrivacy invasion\t\t\t\t<\/div>\r\n\t\t\t\t\t\t\t\t<div class=\"qsm_mc_answer_wrap\" id=\"question157-Exploit-vulnerability\">\r\n\t\t\t\t\tExploit vulnerability\t\t\t\t<\/div>\r\n\t\t\t\t\t\t\t\t<div class=\"qsm_mc_answer_wrap\" id=\"question157-Trojan-horse\">\r\n\t\t\t\t\tTrojan horse\t\t\t\t<\/div>\r\n\t\t\t\t\t\t\t\t<div class=\"qsm_mc_answer_wrap\" id=\"question157-Phishing\">\r\n\t\t\t\t\tPhishing\t\t\t\t<\/div>\r\n\t\t\t\t\t\t\t\t<div class=\"qsm_mc_answer_wrap\" id=\"question157-Data-theft\">\r\n\t\t\t\t\tData theft\t\t\t\t<\/div>\r\n\t\t\t\t\t\t\t\t<div class=\"qsm_mc_answer_wrap\" id=\"question157-Sniffing\">\r\n\t\t\t\t\tSniffing\t\t\t\t<\/div>\r\n\t\t\t\t\t\t\t\t<div class=\"qsm_mc_answer_wrap\" id=\"question157-Brute-force-attack\">\r\n\t\t\t\t\tBrute force attack\t\t\t\t<\/div>\r\n\t\t\t\t\t\t\t\t<div class=\"qsm_mc_answer_wrap\" id=\"question157-Data-breach\">\r\n\t\t\t\t\tData breach\t\t\t\t<\/div>\r\n\t\t\t\t\t\t<\/div><div class=\"qsm-right-option qsm-match-sortable\">\r\n\t\t\t\t\t\t\t<div class=\"qsm_mc_answer_wrap\" id=\"question157-1)-N&#039;utilisez-pas-les-noms-d&#039;utilisateur-par-d\u00e9faut-(&quot;admin&quot;,-etc.).-2)-Utilisez-des-mots-de-passe-longs.-3)-Limitez-le-nombre-de-tentatives-de-connexion.\">\r\n\t\t\t\t\t\t\t\t\t<span class=\"dashicons dashicons-move\"><\/span>\r\n\t\t\t\t1) N'utilisez pas les noms d'utilisateur par d\u00e9faut (\"admin\", etc.). 2) Utilisez des mots de passe longs. 3) Limitez le nombre de tentatives de connexion.\t\t\t\t<input type=\"hidden\" value=\"8\" name=\"question157[]\">\r\n\t\t\t\t\t\t\t<\/div>\r\n\t\t\t\t\t\t\t\t\t<div class=\"qsm_mc_answer_wrap\" id=\"question157-1)-Utilisez-un-VPN-sur-les-r\u00e9seaux-WiFi-publics.-2)-M\u00e9fiez-vous-des-faux-points-d&#039;acc\u00e8s.-3)-N&#039;utilisez-que-des-protocoles-s\u00e9curis\u00e9s-(crypt\u00e9s).\">\r\n\t\t\t\t\t\t\t\t\t<span class=\"dashicons dashicons-move\"><\/span>\r\n\t\t\t\t1) Utilisez un VPN sur les r\u00e9seaux WiFi publics. 2) M\u00e9fiez-vous des faux points d'acc\u00e8s. 3) N'utilisez que des protocoles s\u00e9curis\u00e9s (crypt\u00e9s).\t\t\t\t<input type=\"hidden\" value=\"6\" name=\"question157[]\">\r\n\t\t\t\t\t\t\t<\/div>\r\n\t\t\t\t\t\t\t\t\t<div class=\"qsm_mc_answer_wrap\" id=\"question157-1)-Utilisez-la-version-la-plus-r\u00e9cente-des-applications.-2)-Mettez-\u00e0-jour-vos-syst\u00e8mes.-3)-Changez-le-mot-de-passe-par-d\u00e9faut-sur-les-appareils-connect\u00e9s-\u00e0-Internet.\">\r\n\t\t\t\t\t\t\t\t\t<span class=\"dashicons dashicons-move\"><\/span>\r\n\t\t\t\t1) Utilisez la version la plus r\u00e9cente des applications. 2) Mettez \u00e0 jour vos syst\u00e8mes. 3) Changez le mot de passe par d\u00e9faut sur les appareils connect\u00e9s \u00e0 Internet.\t\t\t\t<input type=\"hidden\" value=\"3\" name=\"question157[]\">\r\n\t\t\t\t\t\t\t<\/div>\r\n\t\t\t\t\t\t\t\t\t<div class=\"qsm_mc_answer_wrap\" id=\"question157-1)-Ne-t\u00e9l\u00e9chargez-des-logiciels-qu&#039;\u00e0-partir-du-site-web-d&#039;un-\u00e9diteur-fiable.-2)-N&#039;ouvrez-pas-les-fichiers-provenant-d&#039;exp\u00e9diteurs-inconnus-et-n&#039;activez-jamais-leur-contenu.-3)-Ne-cliquez-pas-sur-les-actions-recommand\u00e9es-sur-une-page-web.\">\r\n\t\t\t\t\t\t\t\t\t<span class=\"dashicons dashicons-move\"><\/span>\r\n\t\t\t\t1) Ne t\u00e9l\u00e9chargez des logiciels qu'\u00e0 partir du site web d'un \u00e9diteur fiable. 2) N'ouvrez pas les fichiers provenant d'exp\u00e9diteurs inconnus et n'activez jamais leur contenu. 3) Ne cliquez pas sur les actions recommand\u00e9es sur une page web.\t\t\t\t<input type=\"hidden\" value=\"7\" name=\"question157[]\">\r\n\t\t\t\t\t\t\t<\/div>\r\n\t\t\t\t\t\t\t\t\t<div class=\"qsm_mc_answer_wrap\" id=\"question157-1)-Utilisez-des-mots-de-passe-uniques.-2)-Utilisez-des-mots-de-passe-complexes-sans-logique.-3)-Activez-le-2FA-lorsque-c&#039;est-possible.\">\r\n\t\t\t\t\t\t\t\t\t<span class=\"dashicons dashicons-move\"><\/span>\r\n\t\t\t\t1) Utilisez des mots de passe uniques. 2) Utilisez des mots de passe complexes sans logique. 3) Activez le 2FA lorsque c'est possible.\t\t\t\t<input type=\"hidden\" value=\"1\" name=\"question157[]\">\r\n\t\t\t\t\t\t\t<\/div>\r\n\t\t\t\t\t\t\t\t\t<div class=\"qsm_mc_answer_wrap\" id=\"question157-1)-Chiffrez-les-donn\u00e9es-sensibles-sur-votre-ordinateur-et-vos-appareils.-2)-Utilisez-les-partages-de-r\u00e9seau-avec-les-autorisations-les-plus-restrictives.-3)-Mettez-un-mot-de-passe-sur-les-fichiers-transf\u00e9r\u00e9s-via-des-plateformes-de-t\u00e9l\u00e9chargement.\">\r\n\t\t\t\t\t\t\t\t\t<span class=\"dashicons dashicons-move\"><\/span>\r\n\t\t\t\t1) Chiffrez les donn\u00e9es sensibles sur votre ordinateur et vos appareils. 2) Utilisez les partages de r\u00e9seau avec les autorisations les plus restrictives. 3) Mettez un mot de passe sur les fichiers transf\u00e9r\u00e9s via des plateformes de t\u00e9l\u00e9chargement.\t\t\t\t<input type=\"hidden\" value=\"0\" name=\"question157[]\">\r\n\t\t\t\t\t\t\t<\/div>\r\n\t\t\t\t\t\t\t\t\t<div class=\"qsm_mc_answer_wrap\" id=\"question157-1)-Ne-donnez-jamais-d&#039;informations-confidentielles-au-t\u00e9l\u00e9phone-(Don&#039;t-hang-on,-hang-up).-2)-Ne-faites-jamais-confiance-\u00e0-des-inconnus.-3)-V\u00e9rifiez-deux-fois-les-identit\u00e9s-en-cas-de-demandes-impactantes.\">\r\n\t\t\t\t\t\t\t\t\t<span class=\"dashicons dashicons-move\"><\/span>\r\n\t\t\t\t1) Ne donnez jamais d'informations confidentielles au t\u00e9l\u00e9phone (Don't hang on, hang up). 2) Ne faites jamais confiance \u00e0 des inconnus. 3) V\u00e9rifiez deux fois les identit\u00e9s en cas de demandes impactantes.\t\t\t\t<input type=\"hidden\" value=\"4\" name=\"question157[]\">\r\n\t\t\t\t\t\t\t<\/div>\r\n\t\t\t\t\t\t\t\t\t<div class=\"qsm_mc_answer_wrap\" id=\"question157-1)-Partagez-moins-sur-les-m\u00e9dias-sociaux.-2)-Configurez-les-param\u00e8tres-de-confidentialit\u00e9-et-de-s\u00e9curit\u00e9-de-votre-navigateur-et-de-vos-applications-web.-3)-Utilisez-un-bloqueur-de-publicit\u00e9.\">\r\n\t\t\t\t\t\t\t\t\t<span class=\"dashicons dashicons-move\"><\/span>\r\n\t\t\t\t1) Partagez moins sur les m\u00e9dias sociaux. 2) Configurez les param\u00e8tres de confidentialit\u00e9 et de s\u00e9curit\u00e9 de votre navigateur et de vos applications web. 3) Utilisez un bloqueur de publicit\u00e9.\t\t\t\t<input type=\"hidden\" value=\"5\" name=\"question157[]\">\r\n\t\t\t\t\t\t\t<\/div>\r\n\t\t\t\t\t\t\t\t\t<div class=\"qsm_mc_answer_wrap\" id=\"question157-1)-Analysez-le-nom-de-domaine-des-adresses-\u00e9lectroniques-et-des-liens-URL-des-exp\u00e9diteurs.-2)-Ne-saisissez-pas-d&#039;informations-sur-des-liens-qui-vous-redirigent-vers-un-faux-site-web.-3)-Sachez-que-l&#039;adresse-\u00e9lectronique-d&#039;un-exp\u00e9diteur-connu-peut-avoir-\u00e9t\u00e9-usurp\u00e9e.\">\r\n\t\t\t\t\t\t\t\t\t<span class=\"dashicons dashicons-move\"><\/span>\r\n\t\t\t\t1) Analysez le nom de domaine des adresses \u00e9lectroniques et des liens URL des exp\u00e9diteurs. 2) Ne saisissez pas d'informations sur des liens qui vous redirigent vers un faux site web. 3) Sachez que l'adresse \u00e9lectronique d'un exp\u00e9diteur connu peut avoir \u00e9t\u00e9 usurp\u00e9e.\t\t\t\t<input type=\"hidden\" value=\"2\" name=\"question157[]\">\r\n\t\t\t\t\t\t\t<\/div>\r\n\t\t\t\t\t\t<\/div>\r\n\t\t\t<\/div>\r\n\t\t\t\t\t\t<\/div>\n\t\t\t\t\t\t\t<\/section>\n\t\t\t\t\t<input type=\"hidden\" name=\"qmn_question_list\" value=\"157Q\" \/>\n\t\t\t\t\t\t<div id=\"mlw_error_message_bottom\" class=\"qsm-error-message qmn_error_message_section\"><\/div>\n\t\t\t\t\t<input type=\"hidden\" name=\"qmn_all_questions_count\" id=\"qmn_all_questions_count\" value=\"1\" \/>\n\t\t\t\t\t<input type=\"hidden\" name=\"total_questions\" id=\"total_questions\" value=\"1\" \/>\n\t\t\t\t\t<input type=\"hidden\" name=\"timer\" id=\"timer\" value=\"0\" \/>\n\t\t\t\t\t<input type=\"hidden\" name=\"timer_ms\" id=\"timer_ms\" value=\"0\"\/>\n\t\t\t\t\t<input type=\"hidden\" class=\"qmn_quiz_id\" name=\"qmn_quiz_id\" id=\"qmn_quiz_id\" value=\"20\" \/>\n\t\t\t\t\t<input type='hidden' name='complete_quiz' value='confirmation' \/>\n\t\t\t\t\t\t\t\t\t<\/form>\n\t\t<\/div>\n\t\t<div style=\"display: none;\" class=\"qsm-popup qsm-popup-slide\" id=\"modal-4\" aria-hidden=\"false\"><div class=\"qsm-popup__overlay\" tabindex=\"-1\" data-micromodal-close=\"\"><div class=\"qsm-popup__container qmn_quiz_container\" role=\"dialog\" aria-modal=\"true\"><div class=\"qsm-popup__content\"><img src=\"https:\/\/quiz.keysec360.be\/wp-content\/plugins\/quiz-master-next\/assets\/clock.png\" alt=\"clock.png\"\/><p class=\"qsm-time-up-text\"> Time's up<\/p><\/div><footer class=\"qsm-popup__footer\"><button class=\"qsm-popup-secondary-button qmn_btn\" data-micromodal-close=\"\" aria-label=\"Close this dialog window\" onclick=\"location.reload();\">Annuler<\/button><\/footer><\/div><\/div><\/div><\/p>\n","protected":false},"excerpt":{"rendered":"<p>Associer les bons rem\u00e8des \u00e0 chaque menace<\/p>\n","protected":false},"author":1,"featured_media":0,"parent":0,"menu_order":0,"comment_status":"closed","ping_status":"closed","template":"fullwidth-template.php","meta":[],"_links":{"self":[{"href":"https:\/\/quiz.keysec360.be\/fr\/wp-json\/wp\/v2\/pages\/671"}],"collection":[{"href":"https:\/\/quiz.keysec360.be\/fr\/wp-json\/wp\/v2\/pages"}],"about":[{"href":"https:\/\/quiz.keysec360.be\/fr\/wp-json\/wp\/v2\/types\/page"}],"author":[{"embeddable":true,"href":"https:\/\/quiz.keysec360.be\/fr\/wp-json\/wp\/v2\/users\/1"}],"replies":[{"embeddable":true,"href":"https:\/\/quiz.keysec360.be\/fr\/wp-json\/wp\/v2\/comments?post=671"}],"version-history":[{"count":1,"href":"https:\/\/quiz.keysec360.be\/fr\/wp-json\/wp\/v2\/pages\/671\/revisions"}],"predecessor-version":[{"id":672,"href":"https:\/\/quiz.keysec360.be\/fr\/wp-json\/wp\/v2\/pages\/671\/revisions\/672"}],"wp:attachment":[{"href":"https:\/\/quiz.keysec360.be\/fr\/wp-json\/wp\/v2\/media?parent=671"}],"curies":[{"name":"wp","href":"https:\/\/api.w.org\/{rel}","templated":true}]}}